{"id":48,"date":"2021-08-19T00:15:51","date_gmt":"2021-08-19T03:15:51","guid":{"rendered":"https:\/\/lasvigasrestaurant.cl\/?page_id=48"},"modified":"2026-03-31T13:14:17","modified_gmt":"2026-03-31T16:14:17","slug":"cafeteria","status":"publish","type":"page","link":"https:\/\/lasvigasrestaurant.cl\/index.php\/cafeteria\/","title":{"rendered":"CAFETER\u00cdA, BEBESTIBLES Y PASTELER\u00cdA."},"content":{"rendered":"\t\t<div data-elementor-type=\"wp-page\" data-elementor-id=\"48\" class=\"elementor elementor-48\">\n\t\t\t\t\t\t<section class=\"elementor-section elementor-top-section elementor-element elementor-element-55f783dc elementor-section-boxed elementor-section-height-default elementor-section-height-default\" data-id=\"55f783dc\" data-element_type=\"section\">\n\t\t\t\t\t\t<div class=\"elementor-container elementor-column-gap-default\">\n\t\t\t\t\t<div class=\"elementor-column elementor-col-100 elementor-top-column elementor-element elementor-element-2f30e7c\" data-id=\"2f30e7c\" data-element_type=\"column\">\n\t\t\t<div class=\"elementor-widget-wrap\">\n\t\t\t\t\t\t\t<\/div>\n\t\t<\/div>\n\t\t\t\t\t<\/div>\n\t\t<\/section>\n\t\t\t\t<section class=\"elementor-section elementor-top-section elementor-element elementor-element-3f8b1b5 elementor-section-boxed elementor-section-height-default elementor-section-height-default\" data-id=\"3f8b1b5\" data-element_type=\"section\">\n\t\t\t\t\t\t<div class=\"elementor-container elementor-column-gap-default\">\n\t\t\t\t\t<div class=\"elementor-column elementor-col-25 elementor-top-column elementor-element elementor-element-2fcfb22\" data-id=\"2fcfb22\" data-element_type=\"column\">\n\t\t\t<div class=\"elementor-widget-wrap\">\n\t\t\t\t\t\t\t<\/div>\n\t\t<\/div>\n\t\t\t\t<div class=\"elementor-column elementor-col-50 elementor-top-column elementor-element elementor-element-b2bd2c0\" data-id=\"b2bd2c0\" data-element_type=\"column\">\n\t\t\t<div class=\"elementor-widget-wrap elementor-element-populated\">\n\t\t\t\t\t\t<div class=\"elementor-element elementor-element-119fb0d elementor-widget elementor-widget-image\" data-id=\"119fb0d\" data-element_type=\"widget\" data-widget_type=\"image.default\">\n\t\t\t\t<div class=\"elementor-widget-container\">\n\t\t\t\t\t\t\t\t\t\t\t\t\t\t\t<img fetchpriority=\"high\" decoding=\"async\" width=\"300\" height=\"200\" src=\"https:\/\/lasvigasrestaurant.cl\/wp-content\/uploads\/2023\/09\/pichieditada-4-300x200.jpg\" class=\"attachment-medium size-medium wp-image-789\" alt=\"\" srcset=\"https:\/\/lasvigasrestaurant.cl\/wp-content\/uploads\/2023\/09\/pichieditada-4-300x200.jpg 300w, https:\/\/lasvigasrestaurant.cl\/wp-content\/uploads\/2023\/09\/pichieditada-4-1024x683.jpg 1024w, https:\/\/lasvigasrestaurant.cl\/wp-content\/uploads\/2023\/09\/pichieditada-4-768x512.jpg 768w, https:\/\/lasvigasrestaurant.cl\/wp-content\/uploads\/2023\/09\/pichieditada-4-1536x1024.jpg 1536w, https:\/\/lasvigasrestaurant.cl\/wp-content\/uploads\/2023\/09\/pichieditada-4-2048x1365.jpg 2048w\" sizes=\"(max-width: 300px) 100vw, 300px\" \/>\t\t\t\t\t\t\t\t\t\t\t\t\t\t\t<\/div>\n\t\t\t\t<\/div>\n\t\t\t\t\t<\/div>\n\t\t<\/div>\n\t\t\t\t<div class=\"elementor-column elementor-col-25 elementor-top-column elementor-element elementor-element-73a53dc\" data-id=\"73a53dc\" data-element_type=\"column\">\n\t\t\t<div class=\"elementor-widget-wrap\">\n\t\t\t\t\t\t\t<\/div>\n\t\t<\/div>\n\t\t\t\t\t<\/div>\n\t\t<\/section>\n\t\t\t\t<section class=\"elementor-section elementor-top-section elementor-element elementor-element-122da21 elementor-section-full_width elementor-section-height-default elementor-section-height-default\" data-id=\"122da21\" data-element_type=\"section\">\n\t\t\t\t\t\t<div class=\"elementor-container elementor-column-gap-default\">\n\t\t\t\t\t<div class=\"elementor-column elementor-col-50 elementor-top-column elementor-element elementor-element-8a744e6\" data-id=\"8a744e6\" data-element_type=\"column\">\n\t\t\t<div class=\"elementor-widget-wrap elementor-element-populated\">\n\t\t\t\t\t\t<div class=\"elementor-element elementor-element-60d9649 elementor-widget elementor-widget-text-editor\" data-id=\"60d9649\" data-element_type=\"widget\" data-widget_type=\"text-editor.default\">\n\t\t\t\t<div class=\"elementor-widget-container\">\n\t\t\t\t\t\t\t\t\t<table width=\"400\">\n<tbody>\n<tr>\n<td width=\"240\">\n<h5>CAF\u00c9 DE GRANO (NESCAF\u00c9)<\/h5>\n<\/td>\n<td width=\"160\">&nbsp;<\/td>\n<\/tr>\n<tr>\n<td width=\"240\"><b>Espresso Simple<\/b><\/td>\n<td width=\"160\"><b>&nbsp; &nbsp; &nbsp; &nbsp; &nbsp; &nbsp; &nbsp; &nbsp;<i>2.000<\/i><\/b><\/td>\n<\/tr>\n<tr>\n<td width=\"240\"><b>Espresso Doble<\/b><\/td>\n<td width=\"160\"><b>&nbsp; &nbsp; &nbsp; &nbsp; &nbsp; &nbsp; <i>&nbsp; &nbsp;2.500<\/i><em><br><\/em><\/b><\/td>\n<\/tr>\n<tr>\n<td width=\"240\"><b>Americano<\/b><\/td>\n<td width=\"160\"><b>&nbsp; &nbsp; &nbsp; &nbsp; &nbsp; &nbsp; &nbsp; &nbsp;<i>2.500<\/i><\/b><\/td>\n<\/tr>\n<tr>\n<td width=\"240\"><b>Lungo<\/b><\/td>\n<td width=\"160\"><b>&nbsp; &nbsp; &nbsp; &nbsp; &nbsp; &nbsp; &nbsp; &nbsp;<i>2.500<\/i><\/b><\/td>\n<\/tr>\n<tr>\n<td width=\"240\"><b>Capuccino<\/b><\/td>\n<td width=\"160\"><b>&nbsp; &nbsp; &nbsp; &nbsp; &nbsp; &nbsp; &nbsp;&nbsp;<em>&nbsp;2.500<\/em><\/b><\/td>\n<\/tr>\n<tr>\n<td width=\"240\"><b>Mocaccino<br><\/b><\/td>\n<td width=\"160\"><b>&nbsp; &nbsp; &nbsp; &nbsp; &nbsp; &nbsp; &nbsp; <i>&nbsp;<\/i>2.500<\/b><\/td>\n<\/tr>\n<\/tbody>\n<\/table>\n<table style=\"height: 33px;\" width=\"399\">\n<tbody>\n<tr>\n<td width=\"159\"><strong>Chocolate<\/strong><\/td>\n<td width=\"107\"><strong><i>&nbsp; &nbsp; &nbsp; &nbsp; &nbsp; &nbsp; &nbsp; &nbsp; 2.500<\/i><br><\/strong><\/td>\n<\/tr>\n<\/tbody>\n<\/table>\n<table style=\"height: 29px;\" width=\"400\">\n<tbody>\n<tr>\n<td width=\"160\"><strong>Latte Macchiato<\/strong><\/td>\n<td width=\"107\">&nbsp; &nbsp; &nbsp; &nbsp; &nbsp; &nbsp; &nbsp;<b>&nbsp; <i>3.000<br><\/i><\/b><\/td>\n<\/tr>\n<\/tbody>\n<\/table>\n<table style=\"height: 33px;\" width=\"399\">\n<tbody>\n<tr>\n<td width=\"159\"><strong>Capuccino Vainilla<\/strong><\/td>\n<td width=\"107\"><em><strong>&nbsp; &nbsp; &nbsp; &nbsp; &nbsp; &nbsp; &nbsp; &nbsp;3.000<\/strong><\/em><\/td>\n<\/tr>\n<\/tbody>\n<\/table>\n<table style=\"height: 29px;\" width=\"402\">\n<tbody>\n<tr>\n<td width=\"160\">\n<p><strong>Moccacino Vainilla<\/strong><\/p>\n<p><strong>Chocolate Vainilla<\/strong><\/p>\n<\/td>\n<td width=\"107\">\n<p>&nbsp; &nbsp; &nbsp; &nbsp; &nbsp; &nbsp; &nbsp; &nbsp;<em><strong>3.000<\/strong><\/em><\/p>\n<p>&nbsp; &nbsp; &nbsp; &nbsp; &nbsp; &nbsp; <em><strong>&nbsp; &nbsp;3.000<\/strong><\/em><\/p>\n<\/td>\n<\/tr>\n<\/tbody>\n<\/table>\t\t\t\t\t\t\t\t<\/div>\n\t\t\t\t<\/div>\n\t\t\t\t\t<\/div>\n\t\t<\/div>\n\t\t\t\t<div class=\"elementor-column elementor-col-50 elementor-top-column elementor-element elementor-element-0d4a532\" data-id=\"0d4a532\" data-element_type=\"column\">\n\t\t\t<div class=\"elementor-widget-wrap elementor-element-populated\">\n\t\t\t\t\t\t<div class=\"elementor-element elementor-element-f9f5559 elementor-widget elementor-widget-text-editor\" data-id=\"f9f5559\" data-element_type=\"widget\" data-widget_type=\"text-editor.default\">\n\t\t\t\t<div class=\"elementor-widget-container\">\n\t\t\t\t\t\t\t\t\t<table style=\"height: 360px;\" width=\"397\"><tbody><tr><td width=\"240\"><h5>T\u00c9- CAF\u00c9 DE SOBRES\u00a0<\/h5><\/td><td width=\"160\">\u00a0<\/td><\/tr><tr><td width=\"240\"><b>Caf\u00e9 Nescaf\u00e9\u00a0<\/b><\/td><td width=\"160\"><em><b>\u00a0 \u00a0 \u00a0 \u00a0 \u00a0 \u00a0 1.000\u00a0<\/b><\/em><\/td><\/tr><tr><td width=\"240\"><b>Caf\u00e9 Nescaf\u00e9 Taz\u00f3n\u00a0<\/b><\/td><td width=\"160\"><em><b>\u00a0 \u00a0 \u00a0 \u00a0 \u00a0 \u00a0 \u00a02.000\u00a0<\/b><\/em><\/td><\/tr><tr><td width=\"240\"><b>T\u00e9 Supremo o Lipt\u00f3n\u00a0<\/b><\/td><td width=\"160\"><b>\u00a0 \u00a0 \u00a0 \u00a0 \u00a0 \u00a0 \u00a0<em>1.000\u00a0<\/em><\/b><\/td><\/tr><tr><td width=\"240\"><b>T\u00e9 Taz\u00f3n Supremo o Lipt\u00f3n<\/b><\/td><td width=\"160\"><em><b>\u00a0 \u00a0 \u00a0 \u00a0 \u00a0 \u00a0 \u00a02.000\u00a0\u00a0<\/b><\/em><\/td><\/tr><tr><td width=\"240\"><strong>T\u00e9 Twinings<\/strong><\/td><td width=\"160\"><em><b>\u00a0 \u00a0 \u00a0 \u00a0 \u00a0 \u00a0 \u00a01.500\u00a0<\/b><\/em><\/td><\/tr><tr><td width=\"240\"><b>T\u00e9 Twinings Taz\u00f3n\u00a0<\/b><\/td><td width=\"160\"><em><b>\u00a0 \u00a0 \u00a0 \u00a0 \u00a0 \u00a0 \u00a02.500\u00a0<\/b><\/em><\/td><\/tr><tr><td width=\"240\"><b>T\u00e9 Organico\u00a0<\/b><\/td><td width=\"160\"><em><b>\u00a0 \u00a0 \u00a0 \u00a0 \u00a0 \u00a0 \u00a01.500<br \/><\/b><\/em><\/td><\/tr><\/tbody><\/table><table style=\"height: 98px;\" width=\"394\"><tbody><tr><td width=\"240\"><b>\u00a0 \u00a0 \u00a0 \u00a0\u00a0<\/b><\/td><td width=\"160\"><em><b>\u00a0 \u00a0 \u00a0 \u00a0 \u00a0 \u00a0 \u00a0<\/b><\/em><\/td><\/tr><tr><td width=\"240\">\u00a0<\/td><td width=\"160\"><em><b>\u00a0 \u00a0 \u00a0 \u00a0<\/b><\/em><\/td><\/tr><\/tbody><\/table>\t\t\t\t\t\t\t\t<\/div>\n\t\t\t\t<\/div>\n\t\t\t\t\t<\/div>\n\t\t<\/div>\n\t\t\t\t\t<\/div>\n\t\t<\/section>\n\t\t\t\t<section class=\"elementor-section elementor-top-section elementor-element elementor-element-61af257 elementor-section-full_width elementor-section-height-default elementor-section-height-default\" data-id=\"61af257\" data-element_type=\"section\">\n\t\t\t\t\t\t<div class=\"elementor-container elementor-column-gap-default\">\n\t\t\t\t\t<div class=\"elementor-column elementor-col-50 elementor-top-column elementor-element elementor-element-a944ade\" data-id=\"a944ade\" data-element_type=\"column\">\n\t\t\t<div class=\"elementor-widget-wrap elementor-element-populated\">\n\t\t\t\t\t\t<div class=\"elementor-element elementor-element-cb65fa2 elementor-widget elementor-widget-text-editor\" data-id=\"cb65fa2\" data-element_type=\"widget\" data-widget_type=\"text-editor.default\">\n\t\t\t\t<div class=\"elementor-widget-container\">\n\t\t\t\t\t\t\t\t\t<h5>HELADOS SAVORY<\/h5>\n<table width=\"400\">\n<tbody>\n<tr>\n<td width=\"240\"><strong>Caf\u00e9 Helado<\/strong><\/td>\n<td width=\"160\">\n<p><strong>&nbsp; &nbsp; &nbsp; &nbsp; &nbsp; &nbsp; &nbsp;<em>4.500<\/em><\/strong><\/p>\n<\/td>\n<\/tr>\n<tr>\n<td width=\"240\"><b>Copa de helado&nbsp;<\/b><\/td>\n<td width=\"160\"><em><b>&nbsp; &nbsp; &nbsp; &nbsp; &nbsp; &nbsp; &nbsp;4.500<br><\/b><\/em><\/td><\/tr>\n<\/tbody>\n<\/table>\t\t\t\t\t\t\t\t<\/div>\n\t\t\t\t<\/div>\n\t\t\t\t<div class=\"elementor-element elementor-element-be578e8 elementor-widget elementor-widget-text-editor\" data-id=\"be578e8\" data-element_type=\"widget\" data-widget_type=\"text-editor.default\">\n\t\t\t\t<div class=\"elementor-widget-container\">\n\t\t\t\t\t\t\t\t\t<table style=\"height: 224px;\" width=\"394\">\n<tbody>\n<tr>\n<td width=\"240\">\n<h5>Bebidas Individuales 350 CC.<\/h5>\n<\/td>\n<td width=\"160\">&nbsp;<\/td>\n<\/tr>\n<tr>\n<td width=\"240\"><b>Coca Cola (Coca Cola- Fanta- Sprite) Original o Cero.<\/b><\/td>\n<td width=\"160\"><em><b>&nbsp; &nbsp; &nbsp; &nbsp; &nbsp; &nbsp; &nbsp; 2.500<\/b><\/em><\/td>\n<\/tr>\n<tr>\n<td width=\"240\"><strong>CCU (7up-Kem-Crush-Pepsi-Canadry- Bilz-Pap y Otros&#8230;)&nbsp;<\/strong><\/td>\n<td width=\"160\"><em><b>&nbsp; &nbsp; &nbsp; &nbsp; &nbsp; &nbsp; &nbsp; 2.500&nbsp;<\/b><\/em><\/td>\n<\/tr>\n<tr>\n<td width=\"240\">&nbsp;<\/td>\n<td width=\"160\"><em><b>&nbsp;<\/b><\/em><\/td>\n<\/tr>\n<tr>\n<td width=\"240\">\n<p><b>&nbsp;<\/b><\/p>\n<\/td>\n<td width=\"160\">&nbsp;<\/td>\n<\/tr>\n<\/tbody>\n<\/table>\t\t\t\t\t\t\t\t<\/div>\n\t\t\t\t<\/div>\n\t\t\t\t\t<\/div>\n\t\t<\/div>\n\t\t\t\t<div class=\"elementor-column elementor-col-50 elementor-top-column elementor-element elementor-element-04f9cf9\" data-id=\"04f9cf9\" data-element_type=\"column\">\n\t\t\t<div class=\"elementor-widget-wrap elementor-element-populated\">\n\t\t\t\t\t\t<div class=\"elementor-element elementor-element-f138e54 elementor-widget elementor-widget-text-editor\" data-id=\"f138e54\" data-element_type=\"widget\" data-widget_type=\"text-editor.default\">\n\t\t\t\t<div class=\"elementor-widget-container\">\n\t\t\t\t\t\t\t\t\t<table style=\"height: 224px;\" width=\"394\"><tbody><tr><td width=\"240\"><h5>JUGOS NATURALES (Pulpa)<\/h5><\/td><td width=\"160\">\u00a0<\/td><\/tr><tr><td width=\"240\"><b>Frambuesa-Frutilla-Pi\u00f1a-Mango<\/b><\/td><td width=\"160\"><em><b>\u00a0 \u00a0 \u00a0 \u00a0 \u00a0 \u00a0 \u00a0 3.500<\/b><\/em><\/td><\/tr><tr><td width=\"240\"><strong>Arandano-Chirimoya-Maracuya<\/strong><\/td><td width=\"160\"><em><b>\u00a0 \u00a0 \u00a0 \u00a0 \u00a0 \u00a0 \u00a0 3.500<\/b><\/em><\/td><\/tr><tr><td width=\"240\"><strong>Limonada<\/strong><\/td><td width=\"160\"><em><b>\u00a0 \u00a0 \u00a0 \u00a0 \u00a0 \u00a0 \u00a0 4.000<br \/><\/b><\/em><\/td><\/tr><tr><td width=\"240\"><p><b>Limonada Sabores\u00a0 \u00a0<\/b><b><\/b><\/p><\/td><td width=\"160\"><p><em><b>\u00a0 \u00a0 \u00a0 \u00a0 \u00a0 \u00a0 \u00a0 4.500<\/b><\/em><\/p><\/td><\/tr><\/tbody><\/table>\t\t\t\t\t\t\t\t<\/div>\n\t\t\t\t<\/div>\n\t\t\t\t<div class=\"elementor-element elementor-element-b1c7e8c elementor-widget elementor-widget-text-editor\" data-id=\"b1c7e8c\" data-element_type=\"widget\" data-widget_type=\"text-editor.default\">\n\t\t\t\t<div class=\"elementor-widget-container\">\n\t\t\t\t\t\t\t\t\t<p>\u00a0<\/p><table style=\"height: 224px;\" width=\"394\"><tbody><tr><td width=\"240\"><h5>N\u00e9ctar<\/h5><\/td><td width=\"160\">\u00a0<\/td><\/tr><tr><td width=\"240\"><b>Andina del valle( Naranja o Durazno)<\/b><\/td><td width=\"160\"><em><b>\u00a0 \u00a0 \u00a0 \u00a0 \u00a0 \u00a0 \u00a0 2.500<\/b><\/em><\/td><\/tr><tr><td width=\"240\"><b>Guallarauco(Mango-Manzana)<\/b><\/td><td width=\"160\"><em><b>\u00a0 \u00a0 \u00a0 \u00a0 \u00a0 \u00a0 \u00a0 2.500<\/b><\/em><\/td><\/tr><tr><td width=\"240\"><b>Watt&#8217;s (Pi\u00f1a Guayaba-Papaya)<\/b><\/td><td width=\"160\"><em><b>\u00a0 \u00a0 \u00a0 \u00a0 \u00a0 \u00a0 \u00a02.500<br \/><\/b><\/em><\/td><\/tr><tr><td width=\"240\">\u00a0<\/td><td width=\"160\">\u00a0<\/td><\/tr><\/tbody><\/table>\t\t\t\t\t\t\t\t<\/div>\n\t\t\t\t<\/div>\n\t\t\t\t\t<\/div>\n\t\t<\/div>\n\t\t\t\t\t<\/div>\n\t\t<\/section>\n\t\t\t\t<section class=\"elementor-section elementor-top-section elementor-element elementor-element-4e6223f elementor-section-full_width elementor-section-height-default elementor-section-height-default\" data-id=\"4e6223f\" data-element_type=\"section\">\n\t\t\t\t\t\t<div class=\"elementor-container elementor-column-gap-default\">\n\t\t\t\t\t<div class=\"elementor-column elementor-col-50 elementor-top-column elementor-element elementor-element-3f3df48\" data-id=\"3f3df48\" data-element_type=\"column\">\n\t\t\t<div class=\"elementor-widget-wrap elementor-element-populated\">\n\t\t\t\t\t\t<div class=\"elementor-element elementor-element-7b97761 elementor-widget__width-initial elementor-widget elementor-widget-text-editor\" data-id=\"7b97761\" data-element_type=\"widget\" data-widget_type=\"text-editor.default\">\n\t\t\t\t<div class=\"elementor-widget-container\">\n\t\t\t\t\t\t\t\t\t<table width=\"400\"><tbody><tr><td width=\"240\"><h5>Batidos de leche y pulpa de fruta<\/h5><\/td><td width=\"160\">\u00a0<\/td><\/tr><tr><td width=\"240\"><b>Milkshake Maracuya<br \/><br \/>Milkshake Pi\u00f1a<\/b><\/td><td width=\"160\"><em><strong>\u00a0 \u00a0 \u00a0 \u00a0 \u00a0 \u00a04.500<br \/>\u00a0<br \/>\u00a0 \u00a0 \u00a0 \u00a0 \u00a0 \u00a04.500<\/strong><\/em><\/td><\/tr><tr><td width=\"240\"><b>Milkshake Ar\u00e1ndano<br \/><br \/>Milkshake Frutilla<\/b><\/td><td width=\"160\"><em><strong>\u00a0 \u00a0 \u00a0 \u00a0 \u00a0 \u00a04.500<br \/><br \/>\u00a0 \u00a0 \u00a0 \u00a0 \u00a0 \u00a04.500<\/strong><\/em><\/td><\/tr><tr><td width=\"240\"><b>Milkshake Frambuesa<br \/><br \/>Milkshake Chocolate<\/b><\/td><td width=\"160\"><strong><em>\u00a0 \u00a0 \u00a0 \u00a0 \u00a0 \u00a04.500<br \/><br \/>\u00a0 \u00a0 \u00a0 \u00a0 \u00a0 \u00a04.500<\/em><\/strong><\/td><\/tr><\/tbody><\/table>\t\t\t\t\t\t\t\t<\/div>\n\t\t\t\t<\/div>\n\t\t\t\t\t<\/div>\n\t\t<\/div>\n\t\t\t\t<div class=\"elementor-column elementor-col-50 elementor-top-column elementor-element elementor-element-c1223f6\" data-id=\"c1223f6\" data-element_type=\"column\">\n\t\t\t<div class=\"elementor-widget-wrap elementor-element-populated\">\n\t\t\t\t\t\t<div class=\"elementor-element elementor-element-6efdae4 elementor-widget__width-initial elementor-widget elementor-widget-text-editor\" data-id=\"6efdae4\" data-element_type=\"widget\" data-widget_type=\"text-editor.default\">\n\t\t\t\t<div class=\"elementor-widget-container\">\n\t\t\t\t\t\t\t\t\t<table width=\"400\"><tbody><tr><td width=\"240\"><h5>Pasteleria<\/h5><\/td><td width=\"160\">\u00a0<\/td><\/tr><tr><td width=\"240\"><b>Torta mixta<\/b><\/td><td width=\"160\"><em><strong>\u00a0 \u00a0 \u00a0 \u00a0 \u00a0 \u00a0 \u00a03.500<\/strong><\/em><\/td><\/tr><tr><td width=\"240\"><b>Torta De Hoja<\/b><\/td><td width=\"160\"><em><strong>\u00a0 \u00a0 \u00a0 \u00a0 \u00a0 \u00a0 \u00a03.500<\/strong><\/em><\/td><\/tr><tr><td width=\"240\"><b>Kuchen O pie de lim\u00f3n\u00a0<\/b><\/td><td width=\"160\"><strong><em>\u00a0 \u00a0 \u00a0 \u00a0 \u00a0 \u00a0 \u00a03.000\u00a0<\/em><\/strong><\/td><\/tr><\/tbody><\/table>\t\t\t\t\t\t\t\t<\/div>\n\t\t\t\t<\/div>\n\t\t\t\t\t<\/div>\n\t\t<\/div>\n\t\t\t\t\t<\/div>\n\t\t<\/section>\n\t\t\t\t<section class=\"elementor-section elementor-top-section elementor-element elementor-element-def5ded elementor-section-boxed elementor-section-height-default elementor-section-height-default\" data-id=\"def5ded\" data-element_type=\"section\">\n\t\t\t\t\t\t<div class=\"elementor-container elementor-column-gap-default\">\n\t\t\t\t\t<div class=\"elementor-column elementor-col-100 elementor-top-column elementor-element elementor-element-5795e62\" data-id=\"5795e62\" data-element_type=\"column\">\n\t\t\t<div class=\"elementor-widget-wrap elementor-element-populated\">\n\t\t\t\t\t\t<div class=\"elementor-element elementor-element-4bfda7f elementor-widget elementor-widget-text-editor\" data-id=\"4bfda7f\" data-element_type=\"widget\" data-widget_type=\"text-editor.default\">\n\t\t\t\t<div class=\"elementor-widget-container\">\n\t\t\t\t\t\t\t\t\t<h4><span style=\"color: #993366;\"><em><strong>OPCION DE DESAYUNOS (HASTA LAS 11.45 AM)\u00a0<\/strong><\/em><\/span><\/h4>\t\t\t\t\t\t\t\t<\/div>\n\t\t\t\t<\/div>\n\t\t\t\t\t<\/div>\n\t\t<\/div>\n\t\t\t\t\t<\/div>\n\t\t<\/section>\n\t\t\t\t<section class=\"elementor-section elementor-top-section elementor-element elementor-element-b93f6df elementor-section-full_width elementor-section-height-default elementor-section-height-default\" data-id=\"b93f6df\" data-element_type=\"section\">\n\t\t\t\t\t\t<div class=\"elementor-container elementor-column-gap-default\">\n\t\t\t\t\t<div class=\"elementor-column elementor-col-50 elementor-top-column elementor-element elementor-element-3654386\" data-id=\"3654386\" data-element_type=\"column\">\n\t\t\t<div class=\"elementor-widget-wrap elementor-element-populated\">\n\t\t\t\t\t\t<div class=\"elementor-element elementor-element-87622a1 elementor-widget__width-initial elementor-widget elementor-widget-text-editor\" data-id=\"87622a1\" data-element_type=\"widget\" data-widget_type=\"text-editor.default\">\n\t\t\t\t<div class=\"elementor-widget-container\">\n\t\t\t\t\t\t\t\t\t<table width=\"400\"><tbody><tr><td width=\"240\"><h5>Pailas de huevo<\/h5><\/td><td width=\"160\">\u00a0<\/td><\/tr><tr><td width=\"240\"><b>Paila de huevo<\/b><\/td><td width=\"160\"><em><strong>\u00a0 \u00a0 \u00a0 \u00a0 \u00a0 \u00a0 \u00a04.000<\/strong><\/em><\/td><\/tr><tr><td width=\"240\"><b>Paila de Huevo con queso<\/b><\/td><td width=\"160\"><em><strong>\u00a0 \u00a0 \u00a0 \u00a0 \u00a0 \u00a0 \u00a04.000<\/strong><\/em><\/td><\/tr><tr><td width=\"240\"><p><b>Paila de Huevo con Jam\u00f3n\u00a0<\/b><\/p><b> <\/b><p><b>Paila de Huevo con Jam\u00f3n y queso<\/b><\/p><\/td><td width=\"160\"><p><strong><em>\u00a0 \u00a0 \u00a0 \u00a0 \u00a0 \u00a0 4.500<\/em><\/strong><\/p><p>\u00a0 \u00a0 \u00a0 \u00a0 \u00a0 <b><i>\u00a0 5.000<\/i><\/b><\/p><\/td><\/tr><\/tbody><\/table><p>\u00a0<\/p>\t\t\t\t\t\t\t\t<\/div>\n\t\t\t\t<\/div>\n\t\t\t\t\t<\/div>\n\t\t<\/div>\n\t\t\t\t<div class=\"elementor-column elementor-col-50 elementor-top-column elementor-element elementor-element-f60c9a8\" data-id=\"f60c9a8\" data-element_type=\"column\">\n\t\t\t<div class=\"elementor-widget-wrap elementor-element-populated\">\n\t\t\t\t\t\t<div class=\"elementor-element elementor-element-f287cd6 elementor-widget__width-initial elementor-widget elementor-widget-text-editor\" data-id=\"f287cd6\" data-element_type=\"widget\" data-widget_type=\"text-editor.default\">\n\t\t\t\t<div class=\"elementor-widget-container\">\n\t\t\t\t\t\t\t\t\t<table width=\"400\"><tbody><tr><td width=\"240\"><h5>Sellados<\/h5><\/td><td width=\"160\">\u00a0<\/td><\/tr><tr><td width=\"240\"><b>Sellado de queso<\/b><\/td><td width=\"160\"><em><strong>\u00a0 \u00a0 \u00a0 \u00a0 \u00a0 \u00a0 \u00a02.500<\/strong><\/em><\/td><\/tr><tr><td width=\"240\"><b>Sellado de jam\u00f3n<\/b><\/td><td width=\"160\"><em><strong>\u00a0 \u00a0 \u00a0 \u00a0 \u00a0 \u00a0 \u00a03.000<\/strong><\/em><\/td><\/tr><tr><td width=\"240\"><b>Sellado jam\u00f3n queso<\/b><\/td><td width=\"160\"><strong><em>\u00a0 \u00a0 \u00a0 \u00a0 \u00a0 \u00a0 \u00a03.500<\/em><\/strong><\/td><\/tr><\/tbody><\/table>\t\t\t\t\t\t\t\t<\/div>\n\t\t\t\t<\/div>\n\t\t\t\t\t<\/div>\n\t\t<\/div>\n\t\t\t\t\t<\/div>\n\t\t<\/section>\n\t\t\t\t<section class=\"elementor-section elementor-top-section elementor-element elementor-element-4c910a0 elementor-section-boxed elementor-section-height-default elementor-section-height-default\" data-id=\"4c910a0\" data-element_type=\"section\">\n\t\t\t\t\t\t<div class=\"elementor-container elementor-column-gap-default\">\n\t\t\t\t\t<div class=\"elementor-column elementor-col-100 elementor-top-column elementor-element elementor-element-981571c\" data-id=\"981571c\" data-element_type=\"column\">\n\t\t\t<div class=\"elementor-widget-wrap elementor-element-populated\">\n\t\t\t\t\t\t<div class=\"elementor-element elementor-element-f90b218 elementor-widget elementor-widget-heading\" data-id=\"f90b218\" data-element_type=\"widget\" data-widget_type=\"heading.default\">\n\t\t\t\t<div class=\"elementor-widget-container\">\n\t\t\t\t\t<h2 class=\"elementor-heading-title elementor-size-default\">LOS ENVASES PARA LLEVAR TIENEN UN VALOR ADICCIONAL.<\/h2>\t\t\t\t<\/div>\n\t\t\t\t<\/div>\n\t\t\t\t\t<\/div>\n\t\t<\/div>\n\t\t\t\t\t<\/div>\n\t\t<\/section>\n\t\t\t\t<section class=\"elementor-section elementor-top-section elementor-element elementor-element-073c92b elementor-section-boxed elementor-section-height-default elementor-section-height-default\" data-id=\"073c92b\" data-element_type=\"section\">\n\t\t\t\t\t\t<div class=\"elementor-container elementor-column-gap-default\">\n\t\t\t\t\t<div class=\"elementor-column elementor-col-33 elementor-top-column elementor-element elementor-element-26e7e7f\" data-id=\"26e7e7f\" data-element_type=\"column\">\n\t\t\t<div class=\"elementor-widget-wrap\">\n\t\t\t\t\t\t\t<\/div>\n\t\t<\/div>\n\t\t\t\t<div class=\"elementor-column elementor-col-33 elementor-top-column elementor-element elementor-element-2318280\" data-id=\"2318280\" data-element_type=\"column\">\n\t\t\t<div class=\"elementor-widget-wrap elementor-element-populated\">\n\t\t\t\t\t\t<div class=\"elementor-element elementor-element-1178964 elementor-align-center elementor-widget elementor-widget-button\" data-id=\"1178964\" data-element_type=\"widget\" data-widget_type=\"button.default\">\n\t\t\t\t<div class=\"elementor-widget-container\">\n\t\t\t\t\t\t\t\t\t<div class=\"elementor-button-wrapper\">\n\t\t\t\t\t<a class=\"elementor-button elementor-button-link elementor-size-sm\" href=\"https:\/\/lasvigasrestaurant.cl\/\">\n\t\t\t\t\t\t<span class=\"elementor-button-content-wrapper\">\n\t\t\t\t\t\t\t\t\t<span class=\"elementor-button-text\">&lt; VOLVER A MEN\u00da PRINCIPAL<\/span>\n\t\t\t\t\t<\/span>\n\t\t\t\t\t<\/a>\n\t\t\t\t<\/div>\n\t\t\t\t\t\t\t\t<\/div>\n\t\t\t\t<\/div>\n\t\t\t\t\t<\/div>\n\t\t<\/div>\n\t\t\t\t<div class=\"elementor-column elementor-col-33 elementor-top-column elementor-element elementor-element-7ebfdaf\" data-id=\"7ebfdaf\" data-element_type=\"column\">\n\t\t\t<div class=\"elementor-widget-wrap\">\n\t\t\t\t\t\t\t<\/div>\n\t\t<\/div>\n\t\t\t\t\t<\/div>\n\t\t<\/section>\n\t\t\t\t<\/div>\n\t\t","protected":false},"excerpt":{"rendered":"<p>CAF\u00c9 DE GRANO (NESCAF\u00c9) &nbsp; Espresso Simple &nbsp; &nbsp; &nbsp; &nbsp; &nbsp; &nbsp; &nbsp; &nbsp;2.000 Espresso Doble &nbsp; &nbsp; &nbsp; &nbsp; &nbsp; &nbsp; &nbsp; &nbsp;2.500 Americano &nbsp; &nbsp; &nbsp; &nbsp; &nbsp; &nbsp; &nbsp; &nbsp;2.500 Lungo &nbsp; &nbsp; &nbsp; &nbsp; &nbsp; &hellip; <a href=\"https:\/\/lasvigasrestaurant.cl\/index.php\/cafeteria\/\">Continuar<\/a><\/p>\n","protected":false},"author":1,"featured_media":0,"parent":0,"menu_order":0,"comment_status":"closed","ping_status":"closed","template":"","meta":{"kt_blocks_editor_width":"","footnotes":""},"class_list":["post-48","page","type-page","status-publish","hentry"],"_links":{"self":[{"href":"https:\/\/lasvigasrestaurant.cl\/index.php\/wp-json\/wp\/v2\/pages\/48","targetHints":{"allow":["GET"]}}],"collection":[{"href":"https:\/\/lasvigasrestaurant.cl\/index.php\/wp-json\/wp\/v2\/pages"}],"about":[{"href":"https:\/\/lasvigasrestaurant.cl\/index.php\/wp-json\/wp\/v2\/types\/page"}],"author":[{"embeddable":true,"href":"https:\/\/lasvigasrestaurant.cl\/index.php\/wp-json\/wp\/v2\/users\/1"}],"replies":[{"embeddable":true,"href":"https:\/\/lasvigasrestaurant.cl\/index.php\/wp-json\/wp\/v2\/comments?post=48"}],"version-history":[{"count":481,"href":"https:\/\/lasvigasrestaurant.cl\/index.php\/wp-json\/wp\/v2\/pages\/48\/revisions"}],"predecessor-version":[{"id":1930,"href":"https:\/\/lasvigasrestaurant.cl\/index.php\/wp-json\/wp\/v2\/pages\/48\/revisions\/1930"}],"wp:attachment":[{"href":"https:\/\/lasvigasrestaurant.cl\/index.php\/wp-json\/wp\/v2\/media?parent=48"}],"curies":[{"name":"wp","href":"https:\/\/api.w.org\/{rel}","templated":true}]}}